{"id":1036,"date":"2019-04-10T17:42:04","date_gmt":"2019-04-10T16:42:04","guid":{"rendered":"https:\/\/www.vsc-db.nl\/vsc\/?page_id=1036"},"modified":"2025-06-30T09:40:17","modified_gmt":"2025-06-30T08:40:17","slug":"home","status":"publish","type":"page","link":"https:\/\/www.vsc-db.nl\/vsc\/","title":{"rendered":"Home"},"content":{"rendered":"<p>[vc_row css=&#8221;.vc_custom_1554920963525{padding-top: 60px !important;padding-bottom: 60px !important;}&#8221; el_id=&#8221;wiezijnwij&#8221;][vc_column][vc_custom_heading text=&#8221;WIE ZIJN WIJ&#8221; font_container=&#8221;tag:h2|font_size:28|text_align:center&#8221; google_fonts=&#8221;font_family:Open%20Sans%3A300%2C300italic%2Cregular%2Citalic%2C600%2C600italic%2C700%2C700italic%2C800%2C800italic|font_style:700%20bold%20regular%3A700%3Anormal&#8221;]<div data-id=\"mpc_divider-5869d6ba66c5971\" class=\"mpc-divider-wrap\"><div class=\"mpc-divider mpc-init mpc-align--center mpc-disable--left \" ><div class=\"mpc-divider__line mpc-side--left\"><span><\/span><\/div><div class=\"mpc-divider__line mpc-side--right\"><span><\/span><\/div><\/div><\/div>[vc_custom_heading text=&#8221;Thuis in het theater&#8221; font_container=&#8221;tag:h3|font_size:22|text_align:center&#8221; use_theme_fonts=&#8221;yes&#8221;][vc_row_inner css=&#8221;.vc_custom_1557758552963{padding-top: 30px !important;}&#8221;][vc_column_inner width=&#8221;1\/2&#8243;][vc_column_text css=&#8221;.vc_custom_1751272816105{padding-top: 15px !important;}&#8221;]<\/p>\n<p style=\"font-weight: 400;\">De Vereniging Soci\u00ebteit Casino is al bijna 200 jaar thuis in het theater. Als lid van de VSC bezoekt u samen met de andere leden acht theatervoorstellingen. Meestal in Theater aan de Parade, soms in de Verkadefabriek of op een andere culturele locatie in de stad. Natuurlijk wordt er na afloop, onder het genot van een drankje, nog even nagepraat.<\/p>\n<p style=\"font-weight: 400;\">Daarnaast bieden we onze leden de VSC-filmclub en extra activiteiten zoals voorbesprekingen en korting of gratis kaartjes voor theatervoorstellingen.<\/p>\n<p>[\/vc_column_text][vc_column_text]<\/p>\n<div class=\"wpb_text_column wpb_content_element \">\n<div class=\"wpb_wrapper\">\n<p style=\"text-align: left;\"><strong>Samen naar de voorstellingen<\/strong><\/p>\n<p style=\"font-weight: 400;\">Als lid van de VSC bezoekt u samen met de andere leden acht theatervoorstellingen. Meestal in Theater aan de Parade, soms in de Verkadefabriek of op een andere culturele locatie in de stad. Natuurlijk wordt er na afloop, onder het genot van een drankje, nog even nagepraat.<\/p>\n<\/div>\n<\/div>\n<p>[\/vc_column_text][vc_column_text]<\/p>\n<div class=\"wpb_text_column wpb_content_element \">\n<div class=\"wpb_wrapper\">\n<p style=\"text-align: left;\"><strong>Verdieping en verbreding<\/strong><br \/>\nDe programmacommissie kiest elk seizoen voor een zo gevarieerd mogelijk programma. Doel hierbij is naast een leuk avondje uit, ook ervoor te zorgen dat u op de hoogte bent van wat er speelt in de theaters. Voorafgaand aan iedere verenigingsavond ontvangt u de VSC-nieuwsbrief met daarin informatie over de voorstelling en de makers. En indien mogelijk organiseren we een voorbespreking.<\/p>\n<\/div>\n<\/div>\n<p>[\/vc_column_text][\/vc_column_inner][vc_column_inner width=&#8221;1\/2&#8243;][vc_column_text]<\/p>\n<div class=\"wpb_text_column wpb_content_element \">\n<div class=\"wpb_wrapper\">\n<p style=\"text-align: left;\"><strong>Extra voordeel en korting<\/strong><\/p>\n<p style=\"font-weight: 400;\">Gedurende het seizoen ontvangen onze leden regelmatig leuke aanbiedingen van verschillende culturele instellingen uit \u2019s-Hertogenbosch. Zo maakt u bijvoorbeeld kans op vrijkaartjes voor voorstellingen die gesubsidieerd zijn door de vereniging. En Theater aan de Parade heeft speciaal voor onze leden een aantal voorstellingen geselecteerd die u met korting kunt bezoeken.<\/p>\n<\/div>\n<\/div>\n<p>[\/vc_column_text][vc_column_text]<\/p>\n<div class=\"wpb_text_column wpb_content_element \">\n<div class=\"wpb_wrapper\">\n<p style=\"text-align: left;\"><strong>Betrokkenheid<\/strong><\/p>\n<p style=\"font-weight: 400;\">VSC is naast vereniging voor theater, ook een fonds voor cultuur. Met de opbrengst van de verkoop van de eigen schouwburg \u2018het Casino\u2019 aan de gemeente in 1965, zet de VSC zich in voor culturele initiatieven in de stad. Zo heeft de Soci\u00ebteit financieel bijgedragen aan aantal belangrijke Bossche culturele instellingen en initiatieven zoals aan de start van Boulevard of Broken Dreams (de voorloper van Theaterfestival Boulevard) en aan het voortbestaan van Theater Bis (de voorloper van de huidige Verkadefabriek).<\/p>\n<p style=\"text-align: left;\"><span style=\"font-weight: 400;\">Ook nu nog zoekt de VSC samenwerking met andere culturele organisaties en subsidieert zij nieuwe of bijzondere initiatieven. <\/span>Voor informatie over samenwerking of voor het aanvragen van subsidie kunt u contact opnemen met ons secretariaat.<\/p>\n<\/div>\n<\/div>\n<p>[\/vc_column_text][\/vc_column_inner][\/vc_row_inner][\/vc_column][\/vc_row][vc_row full_width=&#8221;stretch_row&#8221; css=&#8221;.vc_custom_1554920993785{padding-bottom: 60px !important;background-color: #f7f7f7 !important;}&#8221; el_id=&#8221;programma&#8221;][vc_column alignment=&#8221;center&#8221;][vc_custom_heading text=&#8221;PROGRAMMA&#8221; font_container=&#8221;tag:h2|font_size:28|text_align:center&#8221; google_fonts=&#8221;font_family:Open%20Sans%3A300%2C300italic%2Cregular%2Citalic%2C600%2C600italic%2C700%2C700italic%2C800%2C800italic|font_style:700%20bold%20regular%3A700%3Anormal&#8221;]<div data-id=\"mpc_divider-669d6ba66c5990\" class=\"mpc-divider-wrap\"><div class=\"mpc-divider mpc-init mpc-align--center mpc-disable--left \" ><div class=\"mpc-divider__line mpc-side--left\"><span><\/span><\/div><div class=\"mpc-divider__line mpc-side--right\"><span><\/span><\/div><\/div><\/div>[vc_custom_heading text=&#8221;Komende voorstellingen&#8221; font_container=&#8221;tag:h4|font_size:18px|text_align:center&#8221; google_fonts=&#8221;font_family:Open%20Sans%3A300%2C300italic%2Cregular%2Citalic%2C600%2C600italic%2C700%2C700italic%2C800%2C800italic|font_style:700%20bold%20regular%3A700%3Anormal&#8221;][vc_raw_html]JTVCd2NzLXNjaGVkdWxlJTIwaWQlM0QyJTVE[\/vc_raw_html][vc_custom_heading text=&#8221;Afgelopen voorstellingen&#8221; font_container=&#8221;tag:h4|font_size:18px|text_align:center&#8221; google_fonts=&#8221;font_family:Open%20Sans%3A300%2C300italic%2Cregular%2Citalic%2C600%2C600italic%2C700%2C700italic%2C800%2C800italic|font_style:700%20bold%20regular%3A700%3Anormal&#8221;][vc_raw_html]JTVCd2NzLXNjaGVkdWxlJTIwaWQlM0QzJTVE[\/vc_raw_html][\/vc_column][\/vc_row][vc_row full_width=&#8221;stretch_row&#8221; enable_first_overlay=&#8221;true&#8221; first_overlay_opacity=&#8221;100&#8243; first_background_type=&#8221;image&#8221; first_background_image=&#8221;180&#8243; first_background_image_size=&#8221;full&#8221; first_background_color=&#8221;#545454&#8243; first_background_size=&#8221;cover&#8221; enable_second_overlay=&#8221;true&#8221; second_overlay_opacity=&#8221;51&#8243; second_background_color=&#8221;#2d2d2d&#8221; enable_parallax=&#8221;true&#8221; css=&#8221;.vc_custom_1554921004393{padding-top: 40px !important;padding-bottom: 40px !important;}&#8221; el_id=&#8221;lidworden&#8221;][vc_column][vc_row_inner][vc_column_inner width=&#8221;1\/6&#8243;][\/vc_column_inner][vc_column_inner width=&#8221;4\/6&#8243; alignment=&#8221;center&#8221;][vc_custom_heading text=&#8221;LID WORDEN&#8221; font_container=&#8221;tag:h2|font_size:28|text_align:center|color:%23ffffff&#8221; google_fonts=&#8221;font_family:Open%20Sans%3A300%2C300italic%2Cregular%2Citalic%2C600%2C600italic%2C700%2C700italic%2C800%2C800italic|font_style:700%20bold%20regular%3A700%3Anormal&#8221;]<div data-id=\"mpc_divider-7769d6ba66c59a3\" class=\"mpc-divider-wrap\"><div class=\"mpc-divider mpc-init mpc-align--center mpc-disable--left \" ><div class=\"mpc-divider__line mpc-side--left\"><span><\/span><\/div><div class=\"mpc-divider__line mpc-side--right\"><span><\/span><\/div><\/div><\/div>[vc_column_text css=&#8221;.vc_custom_1554917675053{padding-top: 15px !important;}&#8221;]<\/p>\n<h4 class=\"sub-title\" style=\"text-align: center;\"><span style=\"color: #ffffff;\">Word lid van Vereniging Soci\u00ebteit Casino en bezoek ieder seizoen minimaal acht bijzondere, inspirerende en uitdagende voorstellingen.<\/span><\/h4>\n<p>[\/vc_column_text]<a href=\"http:\/\/www.vsc-db.nl\/vsc\/?page_id=272\" title=\"Link\"  data-id=\"mpc_button-5869d6ba66c59ce\" class=\"mpc-button mpc-init mpc-transition mpc-typography--mpc_preset_37 \" ><div class=\"mpc-button__content mpc-effect-type--stay mpc-effect-side--right\"><span class=\"mpc-button__title mpc-transition\">Lees verder<\/span><i class=\"mpc-button__icon mpc-transition  fa fa-angle-right\"><\/i><\/div><div class=\"mpc-button__background mpc-transition mpc-effect-type--fade mpc-effect-side--in\"><\/div><\/a>[\/vc_column_inner][vc_column_inner width=&#8221;1\/6&#8243;][\/vc_column_inner][\/vc_row_inner][\/vc_column][\/vc_row][vc_row css=&#8221;.vc_custom_1554921018561{padding-top: 60px !important;padding-bottom: 60px !important;}&#8221; el_id=&#8221;historie&#8221;][vc_column width=&#8221;1\/6&#8243;][\/vc_column][vc_column width=&#8221;4\/6&#8243; alignment=&#8221;center&#8221;][vc_custom_heading text=&#8221;HISTORIE&#8221; font_container=&#8221;tag:h2|font_size:28|text_align:center&#8221; google_fonts=&#8221;font_family:Open%20Sans%3A300%2C300italic%2Cregular%2Citalic%2C600%2C600italic%2C700%2C700italic%2C800%2C800italic|font_style:700%20bold%20regular%3A700%3Anormal&#8221;]<div data-id=\"mpc_divider-9869d6ba66c59f5\" class=\"mpc-divider-wrap\"><div class=\"mpc-divider mpc-init mpc-align--center mpc-disable--left \" ><div class=\"mpc-divider__line mpc-side--left\"><span><\/span><\/div><div class=\"mpc-divider__line mpc-side--right\"><span><\/span><\/div><\/div><\/div>[vc_custom_heading text=&#8221;Het ontstaan van VSC&#8221; font_container=&#8221;tag:h3|font_size:22|text_align:center&#8221; use_theme_fonts=&#8221;yes&#8221;][vc_column_text css=&#8221;.vc_custom_1554917128638{padding-top: 15px !important;}&#8221;]<\/p>\n<p style=\"text-align: center;\">Op 27 oktober 1828 wordt in \u2019s-Hertogenbosch \u2018eene nieuwe soci\u00ebteit, die het middelpunt zoude vormen van het verkeer van het beschaafd publiek van den Bosch\u2019 opgericht; de Vereniging Soci\u00ebteit Casino (VSC). De nieuwe soci\u00ebteit is een fusie van twee bestaande herensoci\u00ebteiten. Het Muzijk- en Redoute-Kollegie en de Zomersoci\u00ebteit.<\/p>\n<p>[\/vc_column_text]<a href=\"http:\/\/www.vsc-db.nl\/vsc\/?page_id=569\" title=\"Link\"  data-id=\"mpc_button-3069d6ba66c5a1a\" class=\"mpc-button mpc-init mpc-transition mpc-typography--mpc_preset_37 \" ><div class=\"mpc-button__content mpc-effect-type--stay mpc-effect-side--right\"><span class=\"mpc-button__title mpc-transition\">Lees verder<\/span><i class=\"mpc-button__icon mpc-transition  fa fa-angle-right\"><\/i><\/div><div class=\"mpc-button__background mpc-transition mpc-effect-type--fade mpc-effect-side--in\"><\/div><\/a>[\/vc_column][vc_column width=&#8221;1\/6&#8243;][\/vc_column][\/vc_row][vc_row full_width=&#8221;stretch_row&#8221; enable_first_overlay=&#8221;true&#8221; first_overlay_opacity=&#8221;100&#8243; first_background_color=&#8221;#311952&#8243; second_background_color=&#8221;#2d2d2d&#8221; enable_parallax=&#8221;true&#8221; css=&#8221;.vc_custom_1554917976726{padding-top: 60px !important;padding-bottom: 60px !important;}&#8221;][vc_column][vc_row_inner][vc_column_inner][vc_single_image image=&#8221;1680&#8243; img_size=&#8221;medium&#8221; alignment=&#8221;center&#8221;][vc_custom_heading text=&#8221;Thuis in het theater&#8221; font_container=&#8221;tag:h1|font_size:45|text_align:center|color:%23ffffff|line_height:71px&#8221; google_fonts=&#8221;font_family:Open%20Sans%3A300%2C300italic%2Cregular%2Citalic%2C600%2C600italic%2C700%2C700italic%2C800%2C800italic|font_style:600%20bold%20regular%3A600%3Anormal&#8221;][\/vc_column_inner][\/vc_row_inner][\/vc_column][\/vc_row][vc_row full_width=&#8221;stretch_row&#8221; css=&#8221;.vc_custom_1554921286043{padding-top: 40px !important;padding-bottom: 40px !important;background-color: #f7f7f7 !important;}&#8221; el_id=&#8221;hetbestuur&#8221;][vc_column alignment=&#8221;center&#8221;][vc_custom_heading text=&#8221;HET BESTUUR&#8221; font_container=&#8221;tag:h2|font_size:28|text_align:center&#8221; google_fonts=&#8221;font_family:Open%20Sans%3A300%2C300italic%2Cregular%2Citalic%2C600%2C600italic%2C700%2C700italic%2C800%2C800italic|font_style:700%20bold%20regular%3A700%3Anormal&#8221;]<div data-id=\"mpc_divider-2969d6ba66c5a36\" class=\"mpc-divider-wrap\"><div class=\"mpc-divider mpc-init mpc-align--center mpc-disable--left \" ><div class=\"mpc-divider__line mpc-side--left\"><span><\/span><\/div><div class=\"mpc-divider__line mpc-side--right\"><span><\/span><\/div><\/div><\/div>[vc_custom_heading text=&#8221;Maak kennis met&#8221; font_container=&#8221;tag:h3|font_size:22|text_align:center&#8221; use_theme_fonts=&#8221;yes&#8221; css=&#8221;.vc_custom_1554920199280{padding-bottom: 40px !important;}&#8221;]<\/p>\n<div class=\"section-full-width section-custom\" style=\"\" id=\"section-1\"><div class=\"section-boxed\" style=\"color:#;\"><div class=\"services-wrapper services-thumbnail\"><div class=\"services-box col\"><div class=\"thumbnail-wrapper\"><div class=\"services-img\" style=\"background-image:url(https:\/\/www.vsc-db.nl\/vsc\/wp-content\/uploads\/2021\/12\/Burgemeester-zonder-ambtsketen-scaled-235x235.jpg)\"><\/div><div class=\"services-content\"><div class=\"sc-wraper\"><h3>Roderick van de Mortel<\/h3><p>Voorzitter<\/p><\/div><\/div><\/div><\/div><div class=\"services-box col\"><div class=\"thumbnail-wrapper\"><div class=\"services-img\" style=\"background-image:url(https:\/\/www.vsc-db.nl\/vsc\/wp-content\/uploads\/2021\/02\/Wilma-c-235x235.jpg)\"><\/div><div class=\"services-content\"><div class=\"sc-wraper\"><h3>Wilma Schipper<\/h3><p>Secretaris<\/p><\/div><\/div><\/div><\/div><div class=\"services-box col\"><div class=\"thumbnail-wrapper\"><div class=\"services-img\" style=\"background-image:url(https:\/\/www.vsc-db.nl\/vsc\/wp-content\/uploads\/2022\/01\/Jean-Marc-rotated-235x235.jpg)\"><\/div><div class=\"services-content\"><div class=\"sc-wraper\"><h3>Jean Marc Rademaker<\/h3><p>Penningmeester<\/p><\/div><\/div><\/div><\/div><div class=\"services-box col\"><div class=\"thumbnail-wrapper\"><div class=\"services-img\" style=\"background-image:url(https:\/\/www.vsc-db.nl\/vsc\/wp-content\/uploads\/2021\/02\/Unknown-1-235x235.jpeg)\"><\/div><div class=\"services-content\"><div class=\"sc-wraper\"><h3>Pauline Heere<\/h3><p>bestuurslid programmacommissie<\/p><\/div><\/div><\/div><\/div><div class=\"services-box col\"><div class=\"thumbnail-wrapper\"><div class=\"services-img\" style=\"background-image:url(https:\/\/www.vsc-db.nl\/vsc\/wp-content\/uploads\/2022\/11\/Olivier-2-235x235.jpg)\"><\/div><div class=\"services-content\"><div class=\"sc-wraper\"><h3>Olivier Koning<\/h3><p>Bestuurslid cultuurcommissie<\/p><\/div><\/div><\/div><\/div><div class=\"clear\"><\/div><\/div>\n<\/div><\/div>\n<p>[vc_empty_space]<a href=\"http:\/\/www.vsc-db.nl\/vsc\/?page_id=358\" title=\"Link\"  data-id=\"mpc_button-7269d6ba66c5f09\" class=\"mpc-button mpc-init mpc-transition mpc-typography--mpc_preset_37 \" ><div class=\"mpc-button__content mpc-effect-type--stay mpc-effect-side--right\"><span class=\"mpc-button__title mpc-transition\">Volledig bestuur en commissies<\/span><i class=\"mpc-button__icon mpc-transition  fa fa-angle-right\"><\/i><\/div><div class=\"mpc-button__background mpc-transition mpc-effect-type--fade mpc-effect-side--in\"><\/div><\/a>[\/vc_column][\/vc_row][vc_row css=&#8221;.vc_custom_1554921041880{padding-top: 60px !important;padding-bottom: 60px !important;}&#8221; el_id=&#8221;subsidie&#8221;][vc_column width=&#8221;1\/6&#8243;][\/vc_column][vc_column width=&#8221;4\/6&#8243; alignment=&#8221;center&#8221;][vc_custom_heading text=&#8221;SUBSIDIE&#8221; font_container=&#8221;tag:h2|font_size:28|text_align:center&#8221; google_fonts=&#8221;font_family:Open%20Sans%3A300%2C300italic%2Cregular%2Citalic%2C600%2C600italic%2C700%2C700italic%2C800%2C800italic|font_style:700%20bold%20regular%3A700%3Anormal&#8221;]<div data-id=\"mpc_divider-5469d6ba66c5f2c\" class=\"mpc-divider-wrap\"><div class=\"mpc-divider mpc-init mpc-align--center mpc-disable--left \" ><div class=\"mpc-divider__line mpc-side--left\"><span><\/span><\/div><div class=\"mpc-divider__line mpc-side--right\"><span><\/span><\/div><\/div><\/div>[vc_column_text css=&#8221;.vc_custom_1596712631656{padding-top: 15px !important;}&#8221;]<\/p>\n<p style=\"text-align: center;\">De Vereniging Soci\u00ebteit Casino (VSC) als vereniging voor theater \u00e9n fonds voor cultuur voelt zich al bijna 200 jaar sterk betrokken bij de podiumkunsten in \u2019s-Hertogenbosch en directe omgeving. Dat uit zich niet alleen in het organiseren van voorstellingen voor de leden, maar ook door het ondersteunen van uiteenlopende initiatieven op het terrein van podiumkunsten voor de inwoners van de stad.<\/p>\n<p>[\/vc_column_text][vc_row_inner][vc_column_inner width=&#8221;1\/2&#8243;]<a href=\"http:\/\/www.vsc-db.nl\/vsc\/?page_id=424\" title=\"Link\"  data-id=\"mpc_button-4269d6ba66c5f4d\" class=\"mpc-button mpc-init mpc-transition mpc-typography--mpc_preset_37 mpc-display--block \" ><div class=\"mpc-button__content mpc-effect-type--stay mpc-effect-side--right\"><span class=\"mpc-button__title mpc-transition\">Aanvragen<\/span><i class=\"mpc-button__icon mpc-transition  fa fa-angle-right\"><\/i><\/div><div class=\"mpc-button__background mpc-transition mpc-effect-type--fade mpc-effect-side--in\"><\/div><\/a>[\/vc_column_inner][vc_column_inner width=&#8221;1\/2&#8243;]<a href=\"http:\/\/www.vsc-db.nl\/vsc\/gerealiseerde-projecten\/\" title=\"Link\"  data-id=\"mpc_button-5569d6ba66c5f73\" class=\"mpc-button mpc-init mpc-transition mpc-typography--mpc_preset_37 mpc-display--block \" ><div class=\"mpc-button__content mpc-effect-type--stay mpc-effect-side--right\"><span class=\"mpc-button__title mpc-transition\">Gerealiseerde projecten<\/span><i class=\"mpc-button__icon mpc-transition  fa fa-angle-right\"><\/i><\/div><div class=\"mpc-button__background mpc-transition mpc-effect-type--fade mpc-effect-side--in\"><\/div><\/a>[\/vc_column_inner][\/vc_row_inner][\/vc_column][vc_column width=&#8221;1\/6&#8243;][\/vc_column][\/vc_row][vc_row full_width=&#8221;stretch_row&#8221; css=&#8221;.vc_custom_1554921051419{padding-top: 40px !important;padding-bottom: 60px !important;background-color: #f7f7f7 !important;}&#8221; el_id=&#8221;nieuws&#8221;][vc_column width=&#8221;1\/6&#8243;][\/vc_column][vc_column width=&#8221;4\/6&#8243; alignment=&#8221;center&#8221;][vc_custom_heading text=&#8221;NIEUWS&#8221; font_container=&#8221;tag:h2|font_size:28|text_align:center&#8221; google_fonts=&#8221;font_family:Open%20Sans%3A300%2C300italic%2Cregular%2Citalic%2C600%2C600italic%2C700%2C700italic%2C800%2C800italic|font_style:700%20bold%20regular%3A700%3Anormal&#8221;]<div data-id=\"mpc_divider-2869d6ba66c5f89\" class=\"mpc-divider-wrap\"><div class=\"mpc-divider mpc-init mpc-align--center mpc-disable--left \" ><div class=\"mpc-divider__line mpc-side--left\"><span><\/span><\/div><div class=\"mpc-divider__line mpc-side--right\"><span><\/span><\/div><\/div><\/div>\n<div class=\"section-full-width section-custom\" style=\"\" id=\"section-2\"><div class=\"section-boxed\" style=\"color:#;\"><div class=\"pexeto-recent-posts rp-list\"><ul><li><span class=\"rp-date\">12 juni 2024<\/span><div class=\"rp-info\"><h3><a href=\"https:\/\/www.vsc-db.nl\/vsc\/vsc-filmclub\/\" data-hover=\"VSC-filmclub\">VSC-filmclub<\/a><\/h3><\/div><span class=\"rp-cat\"><a href=\"https:\/\/www.vsc-db.nl\/vsc\/category\/leden\/\">Leden<\/a><\/span><\/li><li><span class=\"rp-date\">12 juni 2024<\/span><div class=\"rp-info\"><h3><a href=\"https:\/\/www.vsc-db.nl\/vsc\/extra-voordeel-bij-theater-aan-de-parade-voor-onze-vsc-leden\/\" data-hover=\"Extra voordeel bij Theater aan de Parade voor onze VSC-leden\">Extra voordeel bij Theater aan de Parade voor onze VSC-leden<\/a><\/h3><\/div><span class=\"rp-cat\"><a href=\"https:\/\/www.vsc-db.nl\/vsc\/category\/leden\/\">Leden<\/a><\/span><\/li><\/ul><\/div>\n<\/div><\/div>\n<p><a href=\"http:\/\/www.vsc-db.nl\/vsc\/?page_id=7\" title=\"Link\"  data-id=\"mpc_button-6069d6ba66c6344\" class=\"mpc-button mpc-init mpc-transition mpc-typography--mpc_preset_37 \" ><div class=\"mpc-button__content mpc-effect-type--stay mpc-effect-side--right\"><span class=\"mpc-button__title mpc-transition\">Meer Nieuws<\/span><i class=\"mpc-button__icon mpc-transition  fa fa-angle-right\"><\/i><\/div><div class=\"mpc-button__background mpc-transition mpc-effect-type--fade mpc-effect-side--in\"><\/div><\/a>[\/vc_column][vc_column width=&#8221;1\/6&#8243;][\/vc_column][\/vc_row][vc_row css=&#8221;.vc_custom_1554921062534{padding-top: 60px !important;padding-bottom: 60px !important;}&#8221; el_id=&#8221;contact&#8221;][vc_column width=&#8221;1\/6&#8243;][\/vc_column][vc_column width=&#8221;4\/6&#8243; alignment=&#8221;center&#8221;][vc_custom_heading text=&#8221;CONTACT&#8221; font_container=&#8221;tag:h2|font_size:28|text_align:center&#8221; google_fonts=&#8221;font_family:Open%20Sans%3A300%2C300italic%2Cregular%2Citalic%2C600%2C600italic%2C700%2C700italic%2C800%2C800italic|font_style:700%20bold%20regular%3A700%3Anormal&#8221;]<div data-id=\"mpc_divider-9769d6ba66c6364\" class=\"mpc-divider-wrap\"><div class=\"mpc-divider mpc-init mpc-align--center mpc-disable--left \" ><div class=\"mpc-divider__line mpc-side--left\"><span><\/span><\/div><div class=\"mpc-divider__line mpc-side--right\"><span><\/span><\/div><\/div><\/div>[vc_column_text css=&#8221;.vc_custom_1669283526746{padding-top: 15px !important;}&#8221;]<\/p>\n<p style=\"text-align: center;\"><strong>Vereniging Soci\u00ebteit Casino<br \/>\n<\/strong>Philips de Schonestraat 25<br \/>\n5216 AJ \u2018s-Hertogenbosch<br \/>\nEmail:\u00a0<a href=\"mailto:vsc@vsc-db.nl\">vsc@vsc-db.nl<\/a><br \/>\nTelefoon:\u00a0<a title=\"(Call using Call-From-Browser)\">06-28281345<br \/>\n<\/a><em>Het secretariaat is telefonisch bereikbaar tijdens kantooruren.<\/em><\/p>\n<p>[\/vc_column_text][vc_column_text css=&#8221;.vc_custom_1554918366747{padding-top: 15px !important;}&#8221;]<\/p>\n<p style=\"text-align: center;\">U kunt ook contact met ons opnemen door onderstaand formulier in te vullen:<\/p>\n<p>[\/vc_column_text][vc_column_text]<\/p>\n<p style=\"text-align: center;\">\n<div class=\"wpcf7 no-js\" id=\"wpcf7-f1531-o1\" lang=\"nl-NL\" dir=\"ltr\" data-wpcf7-id=\"1531\">\n<div class=\"screen-reader-response\"><p role=\"status\" aria-live=\"polite\" aria-atomic=\"true\"><\/p> <ul><\/ul><\/div>\n<form action=\"\/vsc\/wp-json\/wp\/v2\/pages\/1036#wpcf7-f1531-o1\" method=\"post\" class=\"wpcf7-form init\" aria-label=\"Contactformulier\" novalidate=\"novalidate\" data-status=\"init\">\n<fieldset class=\"hidden-fields-container\"><input type=\"hidden\" name=\"_wpcf7\" value=\"1531\" \/><input type=\"hidden\" name=\"_wpcf7_version\" value=\"6.1.5\" \/><input type=\"hidden\" name=\"_wpcf7_locale\" value=\"nl_NL\" \/><input type=\"hidden\" name=\"_wpcf7_unit_tag\" value=\"wpcf7-f1531-o1\" \/><input type=\"hidden\" name=\"_wpcf7_container_post\" value=\"0\" \/><input type=\"hidden\" name=\"_wpcf7_posted_data_hash\" value=\"\" \/>\n<\/fieldset>\n<p><label> Uw naam (verplicht)<br \/>\n<span class=\"wpcf7-form-control-wrap\" data-name=\"your-name\"><input size=\"40\" maxlength=\"400\" class=\"wpcf7-form-control wpcf7-text wpcf7-validates-as-required\" aria-required=\"true\" aria-invalid=\"false\" value=\"\" type=\"text\" name=\"your-name\" \/><\/span> <\/label>\n<\/p>\n<p><label> Uw e-mail (verplicht)<br \/>\n<span class=\"wpcf7-form-control-wrap\" data-name=\"your-email\"><input size=\"40\" maxlength=\"400\" class=\"wpcf7-form-control wpcf7-email wpcf7-validates-as-required wpcf7-text wpcf7-validates-as-email\" aria-required=\"true\" aria-invalid=\"false\" value=\"\" type=\"email\" name=\"your-email\" \/><\/span> <\/label>\n<\/p>\n<p><label> uw bericht<br \/>\n<span class=\"wpcf7-form-control-wrap\" data-name=\"your-message\"><textarea cols=\"40\" rows=\"10\" maxlength=\"2000\" class=\"wpcf7-form-control wpcf7-textarea\" aria-invalid=\"false\" name=\"your-message\"><\/textarea><\/span> <\/label><br \/>\n<div id=\"cf7sr-69d6ba66c679c\" class=\"cf7sr-g-recaptcha\" data-theme=\"light\" data-type=\"image\" data-size=\"normal\" data-sitekey=\"6LebGM0UAAAAAL3E4gU-2ZdOTdD4IFhcoKN_hQWf\"><\/div><span class=\"wpcf7-form-control-wrap cf7sr-recaptcha\" data-name=\"cf7sr-recaptcha\"><input type=\"hidden\" name=\"cf7sr-recaptcha\" value=\"\" class=\"wpcf7-form-control\"><\/span><br \/>\n<span id=\"wpcf7-69d6ba66c66fd-wrapper\" class=\"wpcf7-form-control-wrap beveiliging-372-wrap\" style=\"display:none !important; visibility:hidden !important;\"><label for=\"wpcf7-69d6ba66c66fd-field\" class=\"hp-message\">Gelieve dit veld leeg te laten.<\/label><input id=\"wpcf7-69d6ba66c66fd-field\"  class=\"wpcf7-form-control wpcf7-text\" type=\"text\" name=\"beveiliging-372\" value=\"\" size=\"40\" tabindex=\"-1\" autocomplete=\"new-password\" \/><\/span>\n<\/p>\n<p><input class=\"wpcf7-form-control wpcf7-submit has-spinner\" type=\"submit\" value=\"Verzenden\" \/>\n<\/p><div class=\"wpcf7-response-output\" aria-hidden=\"true\"><\/div>\n<\/form>\n<\/div>\n<p>[\/vc_column_text][\/vc_column][vc_column width=&#8221;1\/6&#8243;][\/vc_column][\/vc_row]<\/p>\n","protected":false},"excerpt":{"rendered":"<p>[vc_row css=&#8221;.vc_custom_1554920963525{padding-top: 60px !important;padding-bottom: 60px !important;}&#8221; el_id=&#8221;wiezijnwij&#8221;][vc_column][vc_custom_heading text=&#8221;WIE ZIJN WIJ&#8221; font_container=&#8221;tag:h2|font_size:28|text_align:center&#8221; google_fonts=&#8221;font_family:Open%20Sans%3A300%2C300italic%2Cregular%2Citalic%2C600%2C600italic%2C700%2C700italic%2C800%2C800italic|font_style:700%20bold%20regular%3A700%3Anormal&#8221;][vc_custom_heading text=&#8221;Thuis in het theater&#8221; font_container=&#8221;tag:h3|font_size:22|text_align:center&#8221; use_theme_fonts=&#8221;yes&#8221;][vc_row_inner css=&#8221;.vc_custom_1557758552963{padding-top: 30px<\/p>\n","protected":false},"author":1,"featured_media":0,"parent":0,"menu_order":0,"comment_status":"closed","ping_status":"closed","template":"template-full-custom.php","meta":{"footnotes":""},"class_list":["post-1036","page","type-page","status-publish","hentry"],"_links":{"self":[{"href":"https:\/\/www.vsc-db.nl\/vsc\/wp-json\/wp\/v2\/pages\/1036","targetHints":{"allow":["GET"]}}],"collection":[{"href":"https:\/\/www.vsc-db.nl\/vsc\/wp-json\/wp\/v2\/pages"}],"about":[{"href":"https:\/\/www.vsc-db.nl\/vsc\/wp-json\/wp\/v2\/types\/page"}],"author":[{"embeddable":true,"href":"https:\/\/www.vsc-db.nl\/vsc\/wp-json\/wp\/v2\/users\/1"}],"replies":[{"embeddable":true,"href":"https:\/\/www.vsc-db.nl\/vsc\/wp-json\/wp\/v2\/comments?post=1036"}],"version-history":[{"count":61,"href":"https:\/\/www.vsc-db.nl\/vsc\/wp-json\/wp\/v2\/pages\/1036\/revisions"}],"predecessor-version":[{"id":2102,"href":"https:\/\/www.vsc-db.nl\/vsc\/wp-json\/wp\/v2\/pages\/1036\/revisions\/2102"}],"wp:attachment":[{"href":"https:\/\/www.vsc-db.nl\/vsc\/wp-json\/wp\/v2\/media?parent=1036"}],"curies":[{"name":"wp","href":"https:\/\/api.w.org\/{rel}","templated":true}]}}